{"id":59451,"date":"2019-05-06T14:43:36","date_gmt":"2019-05-06T12:43:36","guid":{"rendered":"https:\/\/beatatorge.de\/o-mnie\/"},"modified":"2019-10-10T11:54:27","modified_gmt":"2019-10-10T09:54:27","slug":"o-mnie","status":"publish","type":"page","link":"https:\/\/beatatorge.de\/pl\/o-mnie\/","title":{"rendered":"o mnie"},"content":{"rendered":"\n<style type=\"text\/css\" data-created_by=\"avia_inline_auto\" id=\"style-css-av-16u8d7g-b2302cf5697aa7422acdd43a3df95b8e\">\n.flex_column.av-16u8d7g-b2302cf5697aa7422acdd43a3df95b8e{\nborder-radius:0px 0px 0px 0px;\npadding:0px 0px 0px 0px;\n}\n<\/style>\n<div  class='flex_column av-16u8d7g-b2302cf5697aa7422acdd43a3df95b8e av_one_full  avia-builder-el-0  el_before_av_one_half  avia-builder-el-first  first flex_column_div av-zero-column-padding  '     ><p>\n<style type=\"text\/css\" data-created_by=\"avia_inline_auto\" id=\"style-css-av-k1kiz67a-924b0be56751bf05fae0d22506e70825\">\n#top .av-special-heading.av-k1kiz67a-924b0be56751bf05fae0d22506e70825{\npadding-bottom:10px;\n}\nbody .av-special-heading.av-k1kiz67a-924b0be56751bf05fae0d22506e70825 .av-special-heading-tag .heading-char{\nfont-size:25px;\n}\n.av-special-heading.av-k1kiz67a-924b0be56751bf05fae0d22506e70825 .av-subheading{\nfont-size:15px;\n}\n<\/style>\n<div  class='av-special-heading av-k1kiz67a-924b0be56751bf05fae0d22506e70825 av-special-heading-h1  avia-builder-el-1  el_before_av_textblock  avia-builder-el-first '><h1 class='av-special-heading-tag'  itemprop=\"headline\"  >O mnie<\/h1><div class=\"special-heading-border\"><div class=\"special-heading-inner-border\"><\/div><\/div><\/div><br \/>\n<section  class='av_textblock_section av-jucm22ho-56731a107f059a674f368af9a2202a30 '   itemscope=\"itemscope\" itemtype=\"https:\/\/schema.org\/CreativeWork\" ><div class='avia_textblock'  itemprop=\"text\" ><p>Cze\u015b\u0107!<\/p>\n<p>Nazywam si\u0119 Beata i jestem po to, by uwieczni\u0107 Wasze wspomnienia, niezwyk\u0142e momenty, kt\u00f3re tak szybko przemijaj\u0105 \u2013 dzie\u0144 \u015blubu, dorastanie Waszego dziecka. Utrwalam chwile na wieczno\u015b\u0107, chwytam uczucia i emocje. Chc\u0119 opowiedzie\u0107 Wasz\u0105 histori\u0119.<\/p>\n<p>Fotografia towarzyszy\u0142a mi przez ca\u0142e \u017cycie. Zawsze jako hobby, dodatkowo, dla w\u0142asnej przyjemno\u015bci. I w ko\u0144cu, jak w przypadku wielu moich koleg\u00f3w i kole\u017canek fotograf\u00f3w, zapytano mnie, czy mog\u0119 zrobi\u0107 zdj\u0119cia na \u015blubie swoich przyjaci\u00f3\u0142. Tak si\u0119 zacz\u0119\u0142o. Jestem szcz\u0119\u015bliwa, \u017ce hobby i najwi\u0119ksza pasja, sta\u0142y si\u0119 moim zawodem.<\/p>\n<p>Od 2012 roku mieszkam w Berlinie i specjalizuj\u0119 si\u0119 w sesjach\/reporta\u017cach \u015blubnych oraz rodzinnych. Uwielbiam obserwowa\u0107 ludzi i uwiecznia\u0107 ich historie oraz prawdziwe emocje.<\/p>\n<p>Prywatnie jestem szcz\u0119\u015bliw\u0105 (czasem troch\u0119 przem\u0119czon\u0105), uzale\u017cnion\u0105 od kawy, mam\u0105 dw\u00f3jki wspania\u0142ych dzieciak\u00f3w i Fressmaschink\u0105. Nie przychodzi mi \u0142atwo samej si\u0119 opisa\u0107, ale oto kilka moich cech: emocjonalna, lojalna, pono\u0107 potwornie uprzejma i z polskim temperamentem.<\/p>\n<\/div><\/section><br \/>\n<section  class='av_textblock_section av-jucm262n-e8257d14ab5ce717dba91236dc84f1ca '   itemscope=\"itemscope\" itemtype=\"https:\/\/schema.org\/CreativeWork\" ><div class='avia_textblock'  itemprop=\"text\" ><p><img loading=\"lazy\" decoding=\"async\" class=\"wp-image-63406 alignright\" src=\"https:\/\/beatatorge.de\/wp-content\/uploads\/2019\/06\/Beata-Torge-Fotografin-Berlin-Sch\u00f6neberg-1030x605.jpg\" alt=\"Beata Torge Fotografin aus Berlin Sch\u00f6neberg\" width=\"730\" height=\"429\" srcset=\"https:\/\/beatatorge.de\/wp-content\/uploads\/2019\/06\/Beata-Torge-Fotografin-Berlin-Sch\u00f6neberg-1030x605.jpg 1030w, https:\/\/beatatorge.de\/wp-content\/uploads\/2019\/06\/Beata-Torge-Fotografin-Berlin-Sch\u00f6neberg-300x176.jpg 300w, https:\/\/beatatorge.de\/wp-content\/uploads\/2019\/06\/Beata-Torge-Fotografin-Berlin-Sch\u00f6neberg-768x451.jpg 768w, https:\/\/beatatorge.de\/wp-content\/uploads\/2019\/06\/Beata-Torge-Fotografin-Berlin-Sch\u00f6neberg-1500x881.jpg 1500w, https:\/\/beatatorge.de\/wp-content\/uploads\/2019\/06\/Beata-Torge-Fotografin-Berlin-Sch\u00f6neberg-705x414.jpg 705w, https:\/\/beatatorge.de\/wp-content\/uploads\/2019\/06\/Beata-Torge-Fotografin-Berlin-Sch\u00f6neberg-450x264.jpg 450w\" sizes=\"(max-width: 730px) 100vw, 730px\" \/>Kocham:<\/p>\n<p>&#8211; swoje dzieciaki<br \/>\n&#8211; dobr\u0105 ksi\u0105\u017ck\u0119<br \/>\n&#8211; d\u0142ugie rozmowy przy kawie<br \/>\n&#8211; dobre jedzenie<br \/>\n&#8211; \u015bwie\u017ce kwiaty w domu<br \/>\n&#8211; spa\u0107<br \/>\n&#8211; mie\u0107 chwil\u0119 tylko dla siebie<br \/>\n&#8211; po\u0142\u0105czenie wody z g\u00f3rami<\/p>\n<p>Ale wystarczy o mnie. Tu chodzi o Was i Wasz\u0105 historie.<\/p>\n<p>Je\u015bli zainteresowali\u015bcie si\u0119 moimi zdj\u0119ciami i podobaj\u0105 si\u0119 Wam, mo\u017cecie \u0142atwo i niezobowi\u0105zuj\u0105co nawi\u0105za\u0107 ze mn\u0105 kontakt. Ch\u0119tnie doradz\u0119, odpowiem na wszystkie pytania, r\u00f3wnie\u017c w trakcie osobistego spotkania.<\/p>\n<p>Wasza Beata!<\/p>\n<\/div><\/section><\/p><\/div>\n<style type=\"text\/css\" data-created_by=\"avia_inline_auto\" id=\"style-css-av-mone9o-01e2ae6dfe8e8ce077a3aa64d3752080\">\n.flex_column.av-mone9o-01e2ae6dfe8e8ce077a3aa64d3752080{\nborder-radius:0px 0px 0px 0px;\npadding:0px 0px 0px 0px;\n}\n<\/style>\n<div  class='flex_column av-mone9o-01e2ae6dfe8e8ce077a3aa64d3752080 av_one_half  avia-builder-el-4  el_after_av_one_full  avia-builder-el-last  first flex_column_div av-zero-column-padding  column-top-margin'     ><\/div><\/p>\n","protected":false},"excerpt":{"rendered":"","protected":false},"author":1,"featured_media":0,"parent":0,"menu_order":0,"comment_status":"closed","ping_status":"closed","template":"","meta":{"ngg_post_thumbnail":0,"footnotes":""},"yoast_head":"<!-- This site is optimized with the Yoast SEO plugin v21.6 - https:\/\/yoast.com\/wordpress\/plugins\/seo\/ -->\n<title>o mnie - Beata Torge Fotografie<\/title>\n<meta name=\"description\" content=\"Nazywam si\u0119 Beata i jestem po to, by uwieczni\u0107 Wasze wspomnienia, niezwyk\u0142e momenty, kt\u00f3re tak szybko przemijaj\u0105 \u2013 dzie\u0144 \u015blubu, dorastanie Waszego dziecka.\" \/>\n<meta name=\"robots\" content=\"index, follow, max-snippet:-1, max-image-preview:large, max-video-preview:-1\" \/>\n<link rel=\"canonical\" href=\"https:\/\/beatatorge.de\/pl\/o-mnie\/\" \/>\n<meta property=\"og:locale\" content=\"pl_PL\" \/>\n<meta property=\"og:type\" content=\"article\" \/>\n<meta property=\"og:title\" content=\"o mnie - Beata Torge Fotografie\" \/>\n<meta property=\"og:description\" content=\"Nazywam si\u0119 Beata i jestem po to, by uwieczni\u0107 Wasze wspomnienia, niezwyk\u0142e momenty, kt\u00f3re tak szybko przemijaj\u0105 \u2013 dzie\u0144 \u015blubu, dorastanie Waszego dziecka.\" \/>\n<meta property=\"og:url\" content=\"https:\/\/beatatorge.de\/pl\/o-mnie\/\" \/>\n<meta property=\"og:site_name\" content=\"Beata Torge Fotografie\" \/>\n<meta property=\"article:modified_time\" content=\"2019-10-10T09:54:27+00:00\" \/>\n<meta property=\"og:image\" content=\"https:\/\/beatatorge.de\/wp-content\/uploads\/2019\/06\/Beata-Torge-Fotografin-Berlin-Sch\u00f6neberg-1030x605.jpg\" \/>\n<meta name=\"twitter:card\" content=\"summary_large_image\" \/>\n<meta name=\"twitter:label1\" content=\"Szacowany czas czytania\" \/>\n\t<meta name=\"twitter:data1\" content=\"3 minuty\" \/>\n<!-- \/ Yoast SEO plugin. -->","yoast_head_json":{"title":"o mnie - Beata Torge Fotografie","description":"Nazywam si\u0119 Beata i jestem po to, by uwieczni\u0107 Wasze wspomnienia, niezwyk\u0142e momenty, kt\u00f3re tak szybko przemijaj\u0105 \u2013 dzie\u0144 \u015blubu, dorastanie Waszego dziecka.","robots":{"index":"index","follow":"follow","max-snippet":"max-snippet:-1","max-image-preview":"max-image-preview:large","max-video-preview":"max-video-preview:-1"},"canonical":"https:\/\/beatatorge.de\/pl\/o-mnie\/","og_locale":"pl_PL","og_type":"article","og_title":"o mnie - Beata Torge Fotografie","og_description":"Nazywam si\u0119 Beata i jestem po to, by uwieczni\u0107 Wasze wspomnienia, niezwyk\u0142e momenty, kt\u00f3re tak szybko przemijaj\u0105 \u2013 dzie\u0144 \u015blubu, dorastanie Waszego dziecka.","og_url":"https:\/\/beatatorge.de\/pl\/o-mnie\/","og_site_name":"Beata Torge Fotografie","article_modified_time":"2019-10-10T09:54:27+00:00","og_image":[{"url":"https:\/\/beatatorge.de\/wp-content\/uploads\/2019\/06\/Beata-Torge-Fotografin-Berlin-Sch\u00f6neberg-1030x605.jpg"}],"twitter_card":"summary_large_image","twitter_misc":{"Szacowany czas czytania":"3 minuty"},"schema":{"@context":"https:\/\/schema.org","@graph":[{"@type":"WebPage","@id":"https:\/\/beatatorge.de\/pl\/o-mnie\/","url":"https:\/\/beatatorge.de\/pl\/o-mnie\/","name":"o mnie - Beata Torge Fotografie","isPartOf":{"@id":"https:\/\/beatatorge.de\/#website"},"datePublished":"2019-05-06T12:43:36+00:00","dateModified":"2019-10-10T09:54:27+00:00","description":"Nazywam si\u0119 Beata i jestem po to, by uwieczni\u0107 Wasze wspomnienia, niezwyk\u0142e momenty, kt\u00f3re tak szybko przemijaj\u0105 \u2013 dzie\u0144 \u015blubu, dorastanie Waszego dziecka.","breadcrumb":{"@id":"https:\/\/beatatorge.de\/pl\/o-mnie\/#breadcrumb"},"inLanguage":"pl-PL","potentialAction":[{"@type":"ReadAction","target":["https:\/\/beatatorge.de\/pl\/o-mnie\/"]}]},{"@type":"BreadcrumbList","@id":"https:\/\/beatatorge.de\/pl\/o-mnie\/#breadcrumb","itemListElement":[{"@type":"ListItem","position":1,"name":"Startseite","item":"https:\/\/beatatorge.de\/"},{"@type":"ListItem","position":2,"name":"o mnie"}]},{"@type":"WebSite","@id":"https:\/\/beatatorge.de\/#website","url":"https:\/\/beatatorge.de\/","name":"Beata Torge Fotografie","description":"Beata Torge Fotografie aus Berlin Sch\u00f6neberg","publisher":{"@id":"https:\/\/beatatorge.de\/#\/schema\/person\/a739b6d82665a27c25817b94f029cb02"},"potentialAction":[{"@type":"SearchAction","target":{"@type":"EntryPoint","urlTemplate":"https:\/\/beatatorge.de\/?s={search_term_string}"},"query-input":"required name=search_term_string"}],"inLanguage":"pl-PL"},{"@type":["Person","Organization"],"@id":"https:\/\/beatatorge.de\/#\/schema\/person\/a739b6d82665a27c25817b94f029cb02","name":"Beata Torge","image":{"@type":"ImageObject","inLanguage":"pl-PL","@id":"https:\/\/beatatorge.de\/#\/schema\/person\/image\/","url":"https:\/\/beatatorge.de\/wp-content\/uploads\/2019\/06\/Beata-Torge-Startseite-links.jpg","contentUrl":"https:\/\/beatatorge.de\/wp-content\/uploads\/2019\/06\/Beata-Torge-Startseite-links.jpg","width":647,"height":890,"caption":"Beata Torge"},"logo":{"@id":"https:\/\/beatatorge.de\/#\/schema\/person\/image\/"}}]}},"_links":{"self":[{"href":"https:\/\/beatatorge.de\/pl\/wp-json\/wp\/v2\/pages\/59451"}],"collection":[{"href":"https:\/\/beatatorge.de\/pl\/wp-json\/wp\/v2\/pages"}],"about":[{"href":"https:\/\/beatatorge.de\/pl\/wp-json\/wp\/v2\/types\/page"}],"author":[{"embeddable":true,"href":"https:\/\/beatatorge.de\/pl\/wp-json\/wp\/v2\/users\/1"}],"replies":[{"embeddable":true,"href":"https:\/\/beatatorge.de\/pl\/wp-json\/wp\/v2\/comments?post=59451"}],"version-history":[{"count":11,"href":"https:\/\/beatatorge.de\/pl\/wp-json\/wp\/v2\/pages\/59451\/revisions"}],"predecessor-version":[{"id":72205,"href":"https:\/\/beatatorge.de\/pl\/wp-json\/wp\/v2\/pages\/59451\/revisions\/72205"}],"wp:attachment":[{"href":"https:\/\/beatatorge.de\/pl\/wp-json\/wp\/v2\/media?parent=59451"}],"curies":[{"name":"wp","href":"https:\/\/api.w.org\/{rel}","templated":true}]}}