{"id":75148,"date":"2019-10-31T20:17:37","date_gmt":"2019-10-31T19:17:37","guid":{"rendered":"https:\/\/beatatorge.de\/kontakt\/"},"modified":"2019-10-31T20:48:32","modified_gmt":"2019-10-31T19:48:32","slug":"kontakt","status":"publish","type":"page","link":"https:\/\/beatatorge.de\/pl\/kontakt\/","title":{"rendered":"Kontakt"},"content":{"rendered":"\n<style type=\"text\/css\" data-created_by=\"avia_inline_auto\" id=\"style-css-av-jvcj1mkd-123747d6f37a71f02ac8144009c2f9fe\">\n.avia-section.av-jvcj1mkd-123747d6f37a71f02ac8144009c2f9fe{\nbackground-repeat:no-repeat;\nbackground-image:url(https:\/\/beatatorge.de\/wp-content\/uploads\/2018\/10\/HP.jpg);\nbackground-position:0% 0%;\nbackground-attachment:scroll;\n}\n.avia-section.av-jvcj1mkd-123747d6f37a71f02ac8144009c2f9fe .av-section-color-overlay{\nopacity:0.3;\nbackground-color:#ffffff;\n}\n<\/style>\n<div id='av_section_1'  class='avia-section av-jvcj1mkd-123747d6f37a71f02ac8144009c2f9fe main_color avia-section-default avia-no-border-styling  avia-builder-el-0  avia-builder-el-no-sibling  avia-bg-style-scroll av-section-color-overlay-active container_wrap sidebar_right'  data-section-bg-repeat='no-repeat'><div class=\"av-section-color-overlay-wrap\"><div class=\"av-section-color-overlay\"><\/div><div class='container av-section-cont-open' ><main  role=\"main\" itemprop=\"mainContentOfPage\"  class='template-page content  av-content-small alpha units'><div class='post-entry post-entry-type-page post-entry-75148'><div class='entry-content-wrapper clearfix'>\n\n<style type=\"text\/css\" data-created_by=\"avia_inline_auto\" id=\"style-css-av-lzmuy-f31d964dcfd5d24b9b8b0f2f94976c35\">\n.flex_column.av-lzmuy-f31d964dcfd5d24b9b8b0f2f94976c35{\nborder-radius:0px 0px 0px 0px;\npadding:0px 0px 0px 0px;\n}\n<\/style>\n<div  class='flex_column av-lzmuy-f31d964dcfd5d24b9b8b0f2f94976c35 av_one_fifth  avia-builder-el-1  el_before_av_three_fifth  avia-builder-el-first  first flex_column_div av-zero-column-padding  '     ><\/div>\n<style type=\"text\/css\" data-created_by=\"avia_inline_auto\" id=\"style-css-av-gonuy-8d01f0e4c1dc9f06f8a3e5108b9138e1\">\n.flex_column.av-gonuy-8d01f0e4c1dc9f06f8a3e5108b9138e1{\nborder-radius:0px 0px 0px 0px;\npadding:0px 0px 0px 0px;\n}\n<\/style>\n<div  class='flex_column av-gonuy-8d01f0e4c1dc9f06f8a3e5108b9138e1 av_three_fifth  avia-builder-el-2  el_after_av_one_fifth  el_before_av_one_fifth  flex_column_div av-zero-column-padding  '     ><p>\n<style type=\"text\/css\" data-created_by=\"avia_inline_auto\" id=\"style-css-av-av_heading-dacae081a23db7061fd7ecf9649c407b\">\n#top .av-special-heading.av-av_heading-dacae081a23db7061fd7ecf9649c407b{\npadding-bottom:10px;\n}\nbody .av-special-heading.av-av_heading-dacae081a23db7061fd7ecf9649c407b .av-special-heading-tag .heading-char{\nfont-size:25px;\n}\n.av-special-heading.av-av_heading-dacae081a23db7061fd7ecf9649c407b .av-subheading{\nfont-size:15px;\n}\n<\/style>\n<div  class='av-special-heading av-av_heading-dacae081a23db7061fd7ecf9649c407b av-special-heading-h1  avia-builder-el-3  el_before_av_contact  avia-builder-el-first '><h1 class='av-special-heading-tag'  itemprop=\"headline\"  >Czekam na twoje zapytanie!<\/h1><div class=\"special-heading-border\"><div class=\"special-heading-inner-border\"><\/div><\/div><\/div><br \/>\n<form action=\"https:\/\/beatatorge.de\/pl\/kontakt\/\" method=\"post\" data-fields-with-error=\"Found errors in the following field(s):\" class=\"avia_ajax_form av-form-labels-hidden   avia-builder-el-4  el_after_av_heading  avia-builder-el-last   \" data-avia-form-id=\"1\" data-avia-redirect='' ><fieldset><p class='  first_form  form_element form_fullwidth' id='element_avia_1_1'><label for=\"avia_1_1\">Nazwisko <abbr class=\"required\" title=\"required\">*<\/abbr><\/label> <input name=\"avia_1_1\" class=\"text_input is_empty\" type=\"text\" id=\"avia_1_1\" value=\"\"  placeholder='Nazwisko*'\/><\/p><p class='  first_form  form_element form_fullwidth' id='element_avia_2_1'><label for=\"avia_2_1\">Adres e-mail <abbr class=\"required\" title=\"required\">*<\/abbr><\/label> <input name=\"avia_2_1\" class=\"text_input is_email\" type=\"text\" id=\"avia_2_1\" value=\"\"  placeholder='Adres e-mail*'\/><\/p><p class='  first_form  form_element form_fullwidth' id='element_avia_3_1'><label for=\"avia_3_1\">wzgl\u0105d <abbr class=\"required\" title=\"required\">*<\/abbr><\/label> <input name=\"avia_3_1\" class=\"text_input is_empty\" type=\"text\" id=\"avia_3_1\" value=\"\"  placeholder='wzgl\u0105d*'\/><\/p><p class='  first_form  form_element form_fullwidth' id='element_avia_4_1'><label for=\"avia_4_1\" class=\"textare_label hidden textare_label_avia_4_1\">Wiadomosc <abbr class=\"required\" title=\"required\">*<\/abbr><\/label><textarea  placeholder='Wiadomosc*' name=\"avia_4_1\" class=\"text_area is_empty\" cols=\"40\" rows=\"7\" id=\"avia_4_1\" ><\/textarea><\/p><p class=\"hidden\"><input type=\"text\" name=\"avia_5_1\" class=\"hidden \" id=\"avia_5_1\" value=\"\" \/><\/p><p class=' av_form_privacy_check av_contact_privacy_check first_form  form_element form_fullwidth' id='element_avia_6_1'><input  name=\"avia_6_1\" class=\"input_checkbox is_empty\" type=\"checkbox\" id=\"avia_6_1\" value=\"true\"\/><label class=\"input_checkbox_label\" for=\"avia_6_1\">Ich stimme zu, dass meine mit diesem Formular \u00fcbermittelten Daten allein f\u00fcr den Zweck der Beantwortung meiner Anfrage gespeichert werden. Die Daten werden gel\u00f6scht, sobald der Anfragegrund entf\u00e4llt. Mehr erfahren Sie \u00fcber die <a href='https:\/\/beatatorge.de\/datenschutzerklaerung\/' target='_blank' rel=\"noopener\">Datenschutzerkl\u00e4rung<\/a>. <abbr class=\"required\" title=\"required\">*<\/abbr><\/label><\/p><p class=\"form_element \"><input type=\"hidden\" value=\"1\" name=\"avia_generated_form1\" \/><input type=\"submit\" value=\"Wyslij\" class=\"button\"  data-sending-label=\"Trwa wysy\u0142anie...\"\/><\/p><\/fieldset><\/form><div id=\"ajaxresponse_1\" class=\"ajaxresponse ajaxresponse_1 hidden\"><\/div><\/p><\/div>\n<style type=\"text\/css\" data-created_by=\"avia_inline_auto\" id=\"style-css-av-8e816-abed223da8aaf78eeaa27ac6e1bb9050\">\n.flex_column.av-8e816-abed223da8aaf78eeaa27ac6e1bb9050{\nborder-radius:0px 0px 0px 0px;\npadding:0px 0px 0px 0px;\n}\n<\/style>\n<div  class='flex_column av-8e816-abed223da8aaf78eeaa27ac6e1bb9050 av_one_fifth  avia-builder-el-5  el_after_av_three_fifth  avia-builder-el-last  flex_column_div av-zero-column-padding  '     ><\/div><\/div><\/div><\/main><!-- close content main element --><\/div><\/div><\/div><div id='after_section_1'  class='main_color av_default_container_wrap container_wrap sidebar_right'  ><div class='container av-section-cont-open' ><div class='template-page content  av-content-small alpha units'><div class='post-entry post-entry-type-page post-entry-75148'><div class='entry-content-wrapper clearfix'>\n","protected":false},"excerpt":{"rendered":"","protected":false},"author":1,"featured_media":0,"parent":0,"menu_order":0,"comment_status":"closed","ping_status":"closed","template":"","meta":{"ngg_post_thumbnail":0,"footnotes":""},"yoast_head":"<!-- This site is optimized with the Yoast SEO plugin v21.6 - https:\/\/yoast.com\/wordpress\/plugins\/seo\/ -->\n<title>Kontakt - Beata Torge Fotografie<\/title>\n<meta name=\"description\" content=\"Czy lubisz moje nagrania? Chcesz konsultacji? Porozmawiajmy o twoich pomys\u0142ach. Napisz do mnie lub zadzwo\u0144, skontaktuj\u0119 si\u0119 z tob\u0105. Twoja Beata.\" \/>\n<meta name=\"robots\" content=\"index, follow, max-snippet:-1, max-image-preview:large, max-video-preview:-1\" \/>\n<link rel=\"canonical\" href=\"https:\/\/beatatorge.de\/pl\/kontakt\/\" \/>\n<meta property=\"og:locale\" content=\"pl_PL\" \/>\n<meta property=\"og:type\" content=\"article\" \/>\n<meta property=\"og:title\" content=\"Kontakt - Beata Torge Fotografie\" \/>\n<meta property=\"og:description\" content=\"Czy lubisz moje nagrania? Chcesz konsultacji? Porozmawiajmy o twoich pomys\u0142ach. Napisz do mnie lub zadzwo\u0144, skontaktuj\u0119 si\u0119 z tob\u0105. Twoja Beata.\" \/>\n<meta property=\"og:url\" content=\"https:\/\/beatatorge.de\/pl\/kontakt\/\" \/>\n<meta property=\"og:site_name\" content=\"Beata Torge Fotografie\" \/>\n<meta property=\"article:modified_time\" content=\"2019-10-31T19:48:32+00:00\" \/>\n<meta name=\"twitter:card\" content=\"summary_large_image\" \/>\n<meta name=\"twitter:label1\" content=\"Szacowany czas czytania\" \/>\n\t<meta name=\"twitter:data1\" content=\"3 minuty\" \/>\n<!-- \/ Yoast SEO plugin. -->","yoast_head_json":{"title":"Kontakt - Beata Torge Fotografie","description":"Czy lubisz moje nagrania? Chcesz konsultacji? Porozmawiajmy o twoich pomys\u0142ach. Napisz do mnie lub zadzwo\u0144, skontaktuj\u0119 si\u0119 z tob\u0105. Twoja Beata.","robots":{"index":"index","follow":"follow","max-snippet":"max-snippet:-1","max-image-preview":"max-image-preview:large","max-video-preview":"max-video-preview:-1"},"canonical":"https:\/\/beatatorge.de\/pl\/kontakt\/","og_locale":"pl_PL","og_type":"article","og_title":"Kontakt - Beata Torge Fotografie","og_description":"Czy lubisz moje nagrania? Chcesz konsultacji? Porozmawiajmy o twoich pomys\u0142ach. Napisz do mnie lub zadzwo\u0144, skontaktuj\u0119 si\u0119 z tob\u0105. Twoja Beata.","og_url":"https:\/\/beatatorge.de\/pl\/kontakt\/","og_site_name":"Beata Torge Fotografie","article_modified_time":"2019-10-31T19:48:32+00:00","twitter_card":"summary_large_image","twitter_misc":{"Szacowany czas czytania":"3 minuty"},"schema":{"@context":"https:\/\/schema.org","@graph":[{"@type":"WebPage","@id":"https:\/\/beatatorge.de\/pl\/kontakt\/","url":"https:\/\/beatatorge.de\/pl\/kontakt\/","name":"Kontakt - Beata Torge Fotografie","isPartOf":{"@id":"https:\/\/beatatorge.de\/#website"},"datePublished":"2019-10-31T19:17:37+00:00","dateModified":"2019-10-31T19:48:32+00:00","description":"Czy lubisz moje nagrania? Chcesz konsultacji? Porozmawiajmy o twoich pomys\u0142ach. Napisz do mnie lub zadzwo\u0144, skontaktuj\u0119 si\u0119 z tob\u0105. Twoja Beata.","breadcrumb":{"@id":"https:\/\/beatatorge.de\/pl\/kontakt\/#breadcrumb"},"inLanguage":"pl-PL","potentialAction":[{"@type":"ReadAction","target":["https:\/\/beatatorge.de\/pl\/kontakt\/"]}]},{"@type":"BreadcrumbList","@id":"https:\/\/beatatorge.de\/pl\/kontakt\/#breadcrumb","itemListElement":[{"@type":"ListItem","position":1,"name":"Startseite","item":"https:\/\/beatatorge.de\/"},{"@type":"ListItem","position":2,"name":"Kontakt"}]},{"@type":"WebSite","@id":"https:\/\/beatatorge.de\/#website","url":"https:\/\/beatatorge.de\/","name":"Beata Torge Fotografie","description":"Beata Torge Fotografie aus Berlin Sch\u00f6neberg","publisher":{"@id":"https:\/\/beatatorge.de\/#\/schema\/person\/a739b6d82665a27c25817b94f029cb02"},"potentialAction":[{"@type":"SearchAction","target":{"@type":"EntryPoint","urlTemplate":"https:\/\/beatatorge.de\/?s={search_term_string}"},"query-input":"required name=search_term_string"}],"inLanguage":"pl-PL"},{"@type":["Person","Organization"],"@id":"https:\/\/beatatorge.de\/#\/schema\/person\/a739b6d82665a27c25817b94f029cb02","name":"Beata Torge","image":{"@type":"ImageObject","inLanguage":"pl-PL","@id":"https:\/\/beatatorge.de\/#\/schema\/person\/image\/","url":"https:\/\/beatatorge.de\/wp-content\/uploads\/2019\/06\/Beata-Torge-Startseite-links.jpg","contentUrl":"https:\/\/beatatorge.de\/wp-content\/uploads\/2019\/06\/Beata-Torge-Startseite-links.jpg","width":647,"height":890,"caption":"Beata Torge"},"logo":{"@id":"https:\/\/beatatorge.de\/#\/schema\/person\/image\/"}}]}},"_links":{"self":[{"href":"https:\/\/beatatorge.de\/pl\/wp-json\/wp\/v2\/pages\/75148"}],"collection":[{"href":"https:\/\/beatatorge.de\/pl\/wp-json\/wp\/v2\/pages"}],"about":[{"href":"https:\/\/beatatorge.de\/pl\/wp-json\/wp\/v2\/types\/page"}],"author":[{"embeddable":true,"href":"https:\/\/beatatorge.de\/pl\/wp-json\/wp\/v2\/users\/1"}],"replies":[{"embeddable":true,"href":"https:\/\/beatatorge.de\/pl\/wp-json\/wp\/v2\/comments?post=75148"}],"version-history":[{"count":5,"href":"https:\/\/beatatorge.de\/pl\/wp-json\/wp\/v2\/pages\/75148\/revisions"}],"predecessor-version":[{"id":75154,"href":"https:\/\/beatatorge.de\/pl\/wp-json\/wp\/v2\/pages\/75148\/revisions\/75154"}],"wp:attachment":[{"href":"https:\/\/beatatorge.de\/pl\/wp-json\/wp\/v2\/media?parent=75148"}],"curies":[{"name":"wp","href":"https:\/\/api.w.org\/{rel}","templated":true}]}}